{"id":4405,"date":"2023-03-18T07:10:54","date_gmt":"2023-03-18T06:10:54","guid":{"rendered":"http:\/\/www.jacarandabeachresort.com\/contatti\/"},"modified":"2025-08-20T10:05:20","modified_gmt":"2025-08-20T08:05:20","slug":"contacts","status":"publish","type":"page","link":"https:\/\/www.jacarandabeachresort.com\/fr\/contacts\/","title":{"rendered":"Contacts"},"content":{"rendered":"\t\t<div data-elementor-type=\"wp-page\" data-elementor-id=\"4405\" class=\"elementor elementor-4405 elementor-697\" data-elementor-post-type=\"page\">\n\t\t\t\t\t\t<section class=\"elementor-section elementor-top-section elementor-element elementor-element-ca1656d elementor-section-height-min-height cs-section-content-fullwidth cs-parallax-on-scroll cs_scroll_y_100 elementor-section-boxed elementor-section-height-default elementor-section-items-middle\" data-id=\"ca1656d\" data-element_type=\"section\" data-settings=\"{&quot;background_background&quot;:&quot;classic&quot;}\" data-cs-parallax-y=\"100\" style=\"background-image: none;\" data-cs-background-image=\"https:\/\/www.jacarandabeachresort.com\/wp-content\/uploads\/2023\/03\/IMG_8872.jpeg\" data-cs-background-image-alt-text=\"\">\n\t\t\t\t\t\t\t<div class=\"elementor-background-overlay\"><\/div>\n\t\t\t\t\t\t\t<div class=\"elementor-container elementor-column-gap-no\">\n\t\t\t\t\t<div class=\"elementor-column elementor-col-100 elementor-top-column elementor-element elementor-element-6b2c1df dark-color\" data-id=\"6b2c1df\" data-element_type=\"column\">\n\t\t\t<div class=\"elementor-widget-wrap elementor-element-populated\">\n\t\t\t\t\t\t<div class=\"elementor-element elementor-element-ed3f97e elementor-widget elementor-widget-cs_title\" data-id=\"ed3f97e\" data-element_type=\"widget\" data-widget_type=\"cs_title.default\">\n\t\t\t\t<div class=\"elementor-widget-container\">\n\t\t\t\t\t\n        <div class=\"cs-title-wrap text-center\">\t            <div class=\"cs-subtitle-wrap\"><span class=\"cs-subtitle color-white\">Connectez-vous avec nous<\/span><\/div>\t            <h1 class=\"cs-title\">\n\t                Contacts\t            <\/h1>\t            <div class=\"cs-title-text\">\n\t                Pour toute r\u00e9servation ou demande d&rsquo;information, appelez-nous ou \u00e9crivez-nous.\t            <\/div>        <\/div>\t\t\t\t<\/div>\n\t\t\t\t<\/div>\n\t\t\t\t\t<\/div>\n\t\t<\/div>\n\t\t\t\t\t<\/div>\n\t\t<\/section>\n\t\t\t\t<section class=\"elementor-section elementor-top-section elementor-element elementor-element-ac9ba41 elementor-section-full_width elementor-section-content-middle elementor-section-height-default elementor-section-height-default\" data-id=\"ac9ba41\" data-element_type=\"section\">\n\t\t\t\t\t\t<div class=\"elementor-container elementor-column-gap-no\">\n\t\t\t\t\t<div class=\"elementor-column elementor-col-50 elementor-top-column elementor-element elementor-element-a9f3bc2\" data-id=\"a9f3bc2\" data-element_type=\"column\">\n\t\t\t<div class=\"elementor-widget-wrap elementor-element-populated\">\n\t\t\t\t\t\t<div class=\"elementor-element elementor-element-d6a0979 elementor-widget elementor-widget-cs_title\" data-id=\"d6a0979\" data-element_type=\"widget\" data-widget_type=\"cs_title.default\">\n\t\t\t\t<div class=\"elementor-widget-container\">\n\t\t\t\t\t\n        <div class=\"cs-title-wrap\">\t            <div class=\"cs-subtitle-wrap\"><span class=\"cs-subtitle\">Informations de contact<\/span><\/div>\t            <h5 class=\"cs-title\">\n\t                Jacaranda Beach Resort\t            <\/h5>\t            <div class=\"cs-title-text\">\n\t                <p>P.O. Box 677<br \/>Watamu (Kenya)<\/p><p><strong>T\u00e9l\u00e9phone:<\/strong> <a href=\"tel:+254 723 159848\">+254 723 159848<\/a><br \/><strong>Email:<\/strong> <a href=\"mailto:info@jacarandabeachresort.com\">info@jacarandabeachresort.com<\/a>\u00a0<\/p>\t            <\/div>        <\/div>\t\t\t\t<\/div>\n\t\t\t\t<\/div>\n\t\t\t\t<div class=\"elementor-element elementor-element-27ae3a6 elementor-widget-divider--view-line elementor-widget elementor-widget-divider\" data-id=\"27ae3a6\" data-element_type=\"widget\" data-widget_type=\"divider.default\">\n\t\t\t\t<div class=\"elementor-widget-container\">\n\t\t\t\t\t\t\t<div class=\"elementor-divider\">\n\t\t\t<span class=\"elementor-divider-separator\">\n\t\t\t\t\t\t<\/span>\n\t\t<\/div>\n\t\t\t\t\t\t<\/div>\n\t\t\t\t<\/div>\n\t\t\t\t<section class=\"elementor-section elementor-inner-section elementor-element elementor-element-06aaef6 elementor-section-boxed elementor-section-height-default elementor-section-height-default\" data-id=\"06aaef6\" data-element_type=\"section\">\n\t\t\t\t\t\t<div class=\"elementor-container elementor-column-gap-no\">\n\t\t\t\t\t<div class=\"elementor-column elementor-col-50 elementor-inner-column elementor-element elementor-element-2c337b6\" data-id=\"2c337b6\" data-element_type=\"column\">\n\t\t\t<div class=\"elementor-widget-wrap elementor-element-populated\">\n\t\t\t\t\t\t<div class=\"elementor-element elementor-element-4703206 elementor-widget elementor-widget-cs_title\" data-id=\"4703206\" data-element_type=\"widget\" data-widget_type=\"cs_title.default\">\n\t\t\t\t<div class=\"elementor-widget-container\">\n\t\t\t\t\t\n        <div class=\"cs-title-wrap\">\t            <h6 class=\"cs-title\">\n\t                Informations Agences de voyages et Tour Op\u00e9rateurs\t            <\/h6>\t            <div class=\"cs-title-text\">\n\t                <strong>Email:<\/strong> <a href=\"mailto:info@jacarandabeachresort.com\">info@jacarandabeachresort.com<\/a>\t            <\/div>        <\/div>\t\t\t\t<\/div>\n\t\t\t\t<\/div>\n\t\t\t\t\t<\/div>\n\t\t<\/div>\n\t\t\t\t<div class=\"elementor-column elementor-col-50 elementor-inner-column elementor-element elementor-element-c6d447a\" data-id=\"c6d447a\" data-element_type=\"column\">\n\t\t\t<div class=\"elementor-widget-wrap elementor-element-populated\">\n\t\t\t\t\t\t<div class=\"elementor-element elementor-element-a679ad2 elementor-widget__width-initial elementor-widget elementor-widget-cs_title\" data-id=\"a679ad2\" data-element_type=\"widget\" data-widget_type=\"cs_title.default\">\n\t\t\t\t<div class=\"elementor-widget-container\">\n\t\t\t\t\t\n        <div class=\"cs-title-wrap\">\t            <h6 class=\"cs-title\">\n\t                Europe et Italie\t            <\/h6>\t            <div class=\"cs-title-text\">\n\t                Bureau de repr\u00e9sentation\n\n+39 3514278896\t            <\/div>        <\/div>\t\t\t\t<\/div>\n\t\t\t\t<\/div>\n\t\t\t\t\t<\/div>\n\t\t<\/div>\n\t\t\t\t\t<\/div>\n\t\t<\/section>\n\t\t\t\t\t<\/div>\n\t\t<\/div>\n\t\t\t\t<div class=\"elementor-column elementor-col-50 elementor-top-column elementor-element elementor-element-a630739\" data-id=\"a630739\" data-element_type=\"column\" data-settings=\"{&quot;background_background&quot;:&quot;classic&quot;}\">\n\t\t\t<div class=\"elementor-widget-wrap elementor-element-populated\">\n\t\t\t\t\t\t<section class=\"elementor-section elementor-inner-section elementor-element elementor-element-1165b93 elementor-section-boxed elementor-section-height-default elementor-section-height-default\" data-id=\"1165b93\" data-element_type=\"section\" data-settings=\"{&quot;background_background&quot;:&quot;classic&quot;}\">\n\t\t\t\t\t\t<div class=\"elementor-container elementor-column-gap-no\">\n\t\t\t\t\t<div class=\"elementor-column elementor-col-100 elementor-inner-column elementor-element elementor-element-c8421f3\" data-id=\"c8421f3\" data-element_type=\"column\">\n\t\t\t<div class=\"elementor-widget-wrap elementor-element-populated\">\n\t\t\t\t\t\t<div class=\"elementor-element elementor-element-ee636a2 elementor-widget elementor-widget-cs_title\" data-id=\"ee636a2\" data-element_type=\"widget\" data-widget_type=\"cs_title.default\">\n\t\t\t\t<div class=\"elementor-widget-container\">\n\t\t\t\t\t\n        <div class=\"cs-title-wrap text-center\">\t            <div class=\"cs-subtitle-wrap\"><span class=\"cs-subtitle\">Formulaire de contact<\/span><\/div>\t            <h5 class=\"cs-title\">\n\t                Demandez-nous en plus\t            <\/h5>        <\/div>\t\t\t\t<\/div>\n\t\t\t\t<\/div>\n\t\t\t\t<div class=\"elementor-element elementor-element-0eac830 elementor-widget elementor-widget-image\" data-id=\"0eac830\" data-element_type=\"widget\" data-widget_type=\"image.default\">\n\t\t\t\t<div class=\"elementor-widget-container\">\n\t\t\t\t\t\t\t\t\t\t\t\t\t\t\t<img fetchpriority=\"high\" decoding=\"async\" width=\"547\" height=\"354\" src=\"https:\/\/www.jacarandabeachresort.com\/wp-content\/uploads\/2025\/08\/logo-jacaranda.jpg\" class=\"attachment-large size-large wp-image-5849\" alt=\"\" srcset=\"https:\/\/www.jacarandabeachresort.com\/wp-content\/uploads\/2025\/08\/logo-jacaranda.jpg 547w, https:\/\/www.jacarandabeachresort.com\/wp-content\/uploads\/2025\/08\/logo-jacaranda-300x194.jpg 300w, https:\/\/www.jacarandabeachresort.com\/wp-content\/uploads\/2025\/08\/logo-jacaranda-370x239.jpg 370w, https:\/\/www.jacarandabeachresort.com\/wp-content\/uploads\/2025\/08\/logo-jacaranda-255x165.jpg 255w\" sizes=\"(max-width: 547px) 100vw, 547px\" \/>\t\t\t\t\t\t\t\t\t\t\t\t\t\t\t<\/div>\n\t\t\t\t<\/div>\n\t\t\t\t<div class=\"elementor-element elementor-element-d1eca60 elementor-widget elementor-widget-cs_form_cf7\" data-id=\"d1eca60\" data-element_type=\"widget\" data-widget_type=\"cs_form_cf7.default\">\n\t\t\t\t<div class=\"elementor-widget-container\">\n\t\t\t\t\t            <div class=\"cs-form-cf7 placeholder-normal\">\n                <div class=\"cs-form-cf7-wrap\">\n<div class=\"wpcf7 no-js\" id=\"wpcf7-f4430-o1\" lang=\"it-IT\" dir=\"ltr\" data-wpcf7-id=\"4430\">\n<div class=\"screen-reader-response\"><p role=\"status\" aria-live=\"polite\" aria-atomic=\"true\"><\/p> <ul><\/ul><\/div>\n<form action=\"\/fr\/wp-json\/wp\/v2\/pages\/4405#wpcf7-f4430-o1\" method=\"post\" class=\"wpcf7-form init\" aria-label=\"Modulo di contatto\" novalidate=\"novalidate\" data-status=\"init\">\n<fieldset class=\"hidden-fields-container\"><input type=\"hidden\" name=\"_wpcf7\" value=\"4430\" \/><input type=\"hidden\" name=\"_wpcf7_version\" value=\"6.1.1\" \/><input type=\"hidden\" name=\"_wpcf7_locale\" value=\"it_IT\" \/><input type=\"hidden\" name=\"_wpcf7_unit_tag\" value=\"wpcf7-f4430-o1\" \/><input type=\"hidden\" name=\"_wpcf7_container_post\" value=\"0\" \/><input type=\"hidden\" name=\"_wpcf7_posted_data_hash\" value=\"\" \/><input type=\"hidden\" name=\"_wpcf7_recaptcha_response\" value=\"\" \/>\n<\/fieldset>\n<p><label>Nom et pr\u00e9nom<br \/>\n<span class=\"wpcf7-form-control-wrap\" data-name=\"your-name\"><input size=\"40\" maxlength=\"400\" class=\"wpcf7-form-control wpcf7-text wpcf7-validates-as-required\" autocomplete=\"name\" aria-required=\"true\" aria-invalid=\"false\" value=\"\" type=\"text\" name=\"your-name\" \/><\/span> <\/label>\n<\/p>\n<p><label> Email<br \/>\n<span class=\"wpcf7-form-control-wrap\" data-name=\"your-email\"><input size=\"40\" maxlength=\"400\" class=\"wpcf7-form-control wpcf7-email wpcf7-validates-as-required wpcf7-text wpcf7-validates-as-email\" autocomplete=\"email\" aria-required=\"true\" aria-invalid=\"false\" value=\"\" type=\"email\" name=\"your-email\" \/><\/span> <\/label>\n<\/p>\n<p><label> T\u00e9l\u00e9phone<br \/>\n<span class=\"wpcf7-form-control-wrap\" data-name=\"your-phone\"><input size=\"40\" maxlength=\"400\" class=\"wpcf7-form-control wpcf7-text wpcf7-validates-as-required\" aria-required=\"true\" aria-invalid=\"false\" value=\"\" type=\"text\" name=\"your-phone\" \/><\/span> <\/label>\n<\/p>\n<p><label> Date d'arriv\u00e9e<br \/>\n<span class=\"wpcf7-form-control-wrap\" data-name=\"data-arrivo\"><input class=\"wpcf7-form-control wpcf7-date wpcf7-validates-as-required wpcf7-validates-as-date\" aria-required=\"true\" aria-invalid=\"false\" value=\"\" type=\"date\" name=\"data-arrivo\" \/><\/span> <\/label>\n<\/p>\n<p><label> Date de d\u00e9part<br \/>\n<span class=\"wpcf7-form-control-wrap\" data-name=\"data-partenza\"><input class=\"wpcf7-form-control wpcf7-date wpcf7-validates-as-required wpcf7-validates-as-date\" aria-required=\"true\" aria-invalid=\"false\" value=\"\" type=\"date\" name=\"data-partenza\" \/><\/span> <\/label>\n<\/p>\n<p><label>Message<br \/>\n<span class=\"wpcf7-form-control-wrap\" data-name=\"your-message\"><textarea cols=\"40\" rows=\"10\" maxlength=\"2000\" class=\"wpcf7-form-control wpcf7-textarea\" aria-invalid=\"false\" name=\"your-message\"><\/textarea><\/span> <\/label>\n<\/p>\n<p style=\"width:100%;\"><label><span class=\"wpcf7-form-control-wrap\" data-name=\"privacy\"><span class=\"wpcf7-form-control wpcf7-checkbox wpcf7-validates-as-required\"><span class=\"wpcf7-list-item first last\"><input type=\"checkbox\" name=\"privacy[]\" value=\"J&#039;ai lu les informations et j&#039;autorise le traitement de mes donn\u00e9es conform\u00e9ment \u00e0 la loi sur la protection des donn\u00e9es\" \/><span class=\"wpcf7-list-item-label\">J&#039;ai lu les informations et j&#039;autorise le traitement de mes donn\u00e9es conform\u00e9ment \u00e0 la loi sur la protection des donn\u00e9es<\/span><\/span><\/span><\/span> <a href=\"\/fr\/privacy-policy\" target=\"_blank\">politique de confidentialit\u00e9.<\/a><\/label>\n<\/p>\n<p style=\"width:100%;\"><label><span class=\"wpcf7-form-control-wrap\" data-name=\"marketing\"><span class=\"wpcf7-form-control wpcf7-checkbox\"><span class=\"wpcf7-list-item first last\"><input type=\"checkbox\" name=\"marketing[]\" value=\"J&#039;autorise l&#039;envoi de communications commerciales (facultatif)\" \/><span class=\"wpcf7-list-item-label\">J&#039;autorise l&#039;envoi de communications commerciales (facultatif)<\/span><\/span><\/span><\/span><\/label>\n<\/p>\n<p><input class=\"wpcf7-form-control wpcf7-submit has-spinner\" type=\"submit\" value=\"Envoyer\" \/>\n<\/p><div class=\"wpcf7-response-output\" aria-hidden=\"true\"><\/div>\n<\/form>\n<\/div>\n<\/div>\n            <\/div>\t\t\t\t<\/div>\n\t\t\t\t<\/div>\n\t\t\t\t\t<\/div>\n\t\t<\/div>\n\t\t\t\t\t<\/div>\n\t\t<\/section>\n\t\t\t\t\t<\/div>\n\t\t<\/div>\n\t\t\t\t\t<\/div>\n\t\t<\/section>\n\t\t\t\t<\/div>\n\t\t","protected":false},"excerpt":{"rendered":"<p>Connectez-vous avec nous Contacts Pour toute r\u00e9servation ou demande d&#8217;information, appelez-nous ou \u00e9crivez-nous. Informations de contact Jacaranda Beach Resort P.O. Box 677Watamu (Kenya) T\u00e9l\u00e9phone: +254 723 159848Email: info@jacarandabeachresort.com\u00a0 Informations Agences de voyages et Tour Op\u00e9rateurs Email: info@jacarandabeachresort.com Europe et Italie Bureau de repr\u00e9sentation +39 3514278896 Formulaire de contact Demandez-nous en plus Nom et pr\u00e9nom Email &#8230;<\/p>\n","protected":false},"author":1,"featured_media":0,"parent":0,"menu_order":0,"comment_status":"closed","ping_status":"closed","template":"template-wide-content.php","meta":{"iawp_total_views":31,"cozystay_single_page_hide_site_header":"","cozystay_single_page_site_header_source":"","cozystay_single_page_custom_site_header":"0","cozystay_single_page_custom_sticky_site_header":"0","cozystay_single_page_hide_page_title":"on","cozystay_single_page_header_section_size":"","cozystay_single_page_header_background_color":"","cozystay_single_page_header_background_position_x":"center","cozystay_single_page_header_background_position_y":"center","cozystay_single_page_header_background_size":"cover","cozystay_single_page_header_background_repeat":"off","cozystay_single_page_header_background_scroll":"on","cozystay_single_page_header_text_color":"","cozystay_single_page_header_show_breadcrumb":"","cozystay_single_page_site_footer_hide_main":"","cozystay_single_custom_site_footer_main_source":"","cozystay_single_custom_site_footer_main":"0","cozystay_single_page_site_footer_hide_above":"","cozystay_single_custom_site_footer_above_source":"","cozystay_single_custom_site_footer_above":"0","cozystay_single_page_site_footer_hide_instagram":"","cozystay_single_page_site_footer_hide_bottom":"","cozystay_single_custom_mobile_menu_source":"","cozystay_single_custom_mobile_menu":"0","cozystay_single_custom_mobile_menu_animation":"","cozystay_single_custom_mobile_menu_width":"","cozystay_single_custom_mobile_menu_custom_width":375,"footnotes":""},"class_list":["post-4405","page","type-page","status-publish","hentry"],"yoast_head":"<!-- This site is optimized with the Yoast SEO plugin v25.9 - https:\/\/yoast.com\/wordpress\/plugins\/seo\/ -->\n<title>Contacts - Jacaranda Beach Resort<\/title>\n<meta name=\"robots\" content=\"index, follow, max-snippet:-1, max-image-preview:large, max-video-preview:-1\" \/>\n<link rel=\"canonical\" href=\"https:\/\/www.jacarandabeachresort.com\/contatti\/\" \/>\n<meta property=\"og:locale\" content=\"fr_FR\" \/>\n<meta property=\"og:type\" content=\"article\" \/>\n<meta property=\"og:title\" content=\"Contacts - Jacaranda Beach Resort\" \/>\n<meta property=\"og:description\" content=\"Connectez-vous avec nous Contacts Pour toute r\u00e9servation ou demande d&#8217;information, appelez-nous ou \u00e9crivez-nous. Informations de contact Jacaranda Beach Resort P.O. Box 677Watamu (Kenya) T\u00e9l\u00e9phone: +254 723 159848Email: info@jacarandabeachresort.com\u00a0 Informations Agences de voyages et Tour Op\u00e9rateurs Email: info@jacarandabeachresort.com Europe et Italie Bureau de repr\u00e9sentation +39 3514278896 Formulaire de contact Demandez-nous en plus Nom et pr\u00e9nom Email ...\" \/>\n<meta property=\"og:url\" content=\"https:\/\/www.jacarandabeachresort.com\/contatti\/\" \/>\n<meta property=\"og:site_name\" content=\"Jacaranda Beach Resort\" \/>\n<meta property=\"article:modified_time\" content=\"2025-08-20T08:05:20+00:00\" \/>\n<meta property=\"og:image\" content=\"https:\/\/www.jacarandabeachresort.com\/wp-content\/uploads\/2025\/08\/logo-jacaranda.jpg\" \/>\n<meta name=\"twitter:card\" content=\"summary_large_image\" \/>\n<meta name=\"twitter:label1\" content=\"Dur\u00e9e de lecture estim\u00e9e\" \/>\n\t<meta name=\"twitter:data1\" content=\"1 minute\" \/>\n<script type=\"application\/ld+json\" class=\"yoast-schema-graph\">{\"@context\":\"https:\/\/schema.org\",\"@graph\":[{\"@type\":\"WebPage\",\"@id\":\"https:\/\/www.jacarandabeachresort.com\/contatti\/\",\"url\":\"https:\/\/www.jacarandabeachresort.com\/contatti\/\",\"name\":\"Contacts - Jacaranda Beach Resort\",\"isPartOf\":{\"@id\":\"https:\/\/www.jacarandabeachresort.com\/#website\"},\"primaryImageOfPage\":{\"@id\":\"https:\/\/www.jacarandabeachresort.com\/contatti\/#primaryimage\"},\"image\":{\"@id\":\"https:\/\/www.jacarandabeachresort.com\/contatti\/#primaryimage\"},\"thumbnailUrl\":\"https:\/\/www.jacarandabeachresort.com\/wp-content\/uploads\/2025\/08\/logo-jacaranda.jpg\",\"datePublished\":\"2023-03-18T06:10:54+00:00\",\"dateModified\":\"2025-08-20T08:05:20+00:00\",\"breadcrumb\":{\"@id\":\"https:\/\/www.jacarandabeachresort.com\/contatti\/#breadcrumb\"},\"inLanguage\":\"fr-FR\",\"potentialAction\":[{\"@type\":\"ReadAction\",\"target\":[\"https:\/\/www.jacarandabeachresort.com\/contatti\/\"]}]},{\"@type\":\"ImageObject\",\"inLanguage\":\"fr-FR\",\"@id\":\"https:\/\/www.jacarandabeachresort.com\/contatti\/#primaryimage\",\"url\":\"https:\/\/www.jacarandabeachresort.com\/wp-content\/uploads\/2025\/08\/logo-jacaranda.jpg\",\"contentUrl\":\"https:\/\/www.jacarandabeachresort.com\/wp-content\/uploads\/2025\/08\/logo-jacaranda.jpg\"},{\"@type\":\"BreadcrumbList\",\"@id\":\"https:\/\/www.jacarandabeachresort.com\/contatti\/#breadcrumb\",\"itemListElement\":[{\"@type\":\"ListItem\",\"position\":1,\"name\":\"Home\",\"item\":\"https:\/\/www.jacarandabeachresort.com\/\"},{\"@type\":\"ListItem\",\"position\":2,\"name\":\"Contacts\"}]},{\"@type\":\"WebSite\",\"@id\":\"https:\/\/www.jacarandabeachresort.com\/#website\",\"url\":\"https:\/\/www.jacarandabeachresort.com\/\",\"name\":\"Jacaranda Beach Resort\",\"description\":\"\",\"publisher\":{\"@id\":\"https:\/\/www.jacarandabeachresort.com\/#organization\"},\"potentialAction\":[{\"@type\":\"SearchAction\",\"target\":{\"@type\":\"EntryPoint\",\"urlTemplate\":\"https:\/\/www.jacarandabeachresort.com\/?s={search_term_string}\"},\"query-input\":{\"@type\":\"PropertyValueSpecification\",\"valueRequired\":true,\"valueName\":\"search_term_string\"}}],\"inLanguage\":\"fr-FR\"},{\"@type\":\"Organization\",\"@id\":\"https:\/\/www.jacarandabeachresort.com\/#organization\",\"name\":\"Jacaranda Beach Resort\",\"url\":\"https:\/\/www.jacarandabeachresort.com\/\",\"logo\":{\"@type\":\"ImageObject\",\"inLanguage\":\"fr-FR\",\"@id\":\"https:\/\/www.jacarandabeachresort.com\/#\/schema\/logo\/image\/\",\"url\":\"https:\/\/www.jacarandabeachresort.com\/wp-content\/uploads\/2024\/09\/logo-jac-group_small.png\",\"contentUrl\":\"https:\/\/www.jacarandabeachresort.com\/wp-content\/uploads\/2024\/09\/logo-jac-group_small.png\",\"width\":171,\"height\":147,\"caption\":\"Jacaranda Beach Resort\"},\"image\":{\"@id\":\"https:\/\/www.jacarandabeachresort.com\/#\/schema\/logo\/image\/\"}}]}<\/script>\n<!-- \/ Yoast SEO plugin. -->","yoast_head_json":{"title":"Contacts - Jacaranda Beach Resort","robots":{"index":"index","follow":"follow","max-snippet":"max-snippet:-1","max-image-preview":"max-image-preview:large","max-video-preview":"max-video-preview:-1"},"canonical":"https:\/\/www.jacarandabeachresort.com\/contatti\/","og_locale":"fr_FR","og_type":"article","og_title":"Contacts - Jacaranda Beach Resort","og_description":"Connectez-vous avec nous Contacts Pour toute r\u00e9servation ou demande d&#8217;information, appelez-nous ou \u00e9crivez-nous. Informations de contact Jacaranda Beach Resort P.O. Box 677Watamu (Kenya) T\u00e9l\u00e9phone: +254 723 159848Email: info@jacarandabeachresort.com\u00a0 Informations Agences de voyages et Tour Op\u00e9rateurs Email: info@jacarandabeachresort.com Europe et Italie Bureau de repr\u00e9sentation +39 3514278896 Formulaire de contact Demandez-nous en plus Nom et pr\u00e9nom Email ...","og_url":"https:\/\/www.jacarandabeachresort.com\/contatti\/","og_site_name":"Jacaranda Beach Resort","article_modified_time":"2025-08-20T08:05:20+00:00","og_image":[{"url":"https:\/\/www.jacarandabeachresort.com\/wp-content\/uploads\/2025\/08\/logo-jacaranda.jpg","type":"","width":"","height":""}],"twitter_card":"summary_large_image","twitter_misc":{"Dur\u00e9e de lecture estim\u00e9e":"1 minute"},"schema":{"@context":"https:\/\/schema.org","@graph":[{"@type":"WebPage","@id":"https:\/\/www.jacarandabeachresort.com\/contatti\/","url":"https:\/\/www.jacarandabeachresort.com\/contatti\/","name":"Contacts - Jacaranda Beach Resort","isPartOf":{"@id":"https:\/\/www.jacarandabeachresort.com\/#website"},"primaryImageOfPage":{"@id":"https:\/\/www.jacarandabeachresort.com\/contatti\/#primaryimage"},"image":{"@id":"https:\/\/www.jacarandabeachresort.com\/contatti\/#primaryimage"},"thumbnailUrl":"https:\/\/www.jacarandabeachresort.com\/wp-content\/uploads\/2025\/08\/logo-jacaranda.jpg","datePublished":"2023-03-18T06:10:54+00:00","dateModified":"2025-08-20T08:05:20+00:00","breadcrumb":{"@id":"https:\/\/www.jacarandabeachresort.com\/contatti\/#breadcrumb"},"inLanguage":"fr-FR","potentialAction":[{"@type":"ReadAction","target":["https:\/\/www.jacarandabeachresort.com\/contatti\/"]}]},{"@type":"ImageObject","inLanguage":"fr-FR","@id":"https:\/\/www.jacarandabeachresort.com\/contatti\/#primaryimage","url":"https:\/\/www.jacarandabeachresort.com\/wp-content\/uploads\/2025\/08\/logo-jacaranda.jpg","contentUrl":"https:\/\/www.jacarandabeachresort.com\/wp-content\/uploads\/2025\/08\/logo-jacaranda.jpg"},{"@type":"BreadcrumbList","@id":"https:\/\/www.jacarandabeachresort.com\/contatti\/#breadcrumb","itemListElement":[{"@type":"ListItem","position":1,"name":"Home","item":"https:\/\/www.jacarandabeachresort.com\/"},{"@type":"ListItem","position":2,"name":"Contacts"}]},{"@type":"WebSite","@id":"https:\/\/www.jacarandabeachresort.com\/#website","url":"https:\/\/www.jacarandabeachresort.com\/","name":"Jacaranda Beach Resort","description":"","publisher":{"@id":"https:\/\/www.jacarandabeachresort.com\/#organization"},"potentialAction":[{"@type":"SearchAction","target":{"@type":"EntryPoint","urlTemplate":"https:\/\/www.jacarandabeachresort.com\/?s={search_term_string}"},"query-input":{"@type":"PropertyValueSpecification","valueRequired":true,"valueName":"search_term_string"}}],"inLanguage":"fr-FR"},{"@type":"Organization","@id":"https:\/\/www.jacarandabeachresort.com\/#organization","name":"Jacaranda Beach Resort","url":"https:\/\/www.jacarandabeachresort.com\/","logo":{"@type":"ImageObject","inLanguage":"fr-FR","@id":"https:\/\/www.jacarandabeachresort.com\/#\/schema\/logo\/image\/","url":"https:\/\/www.jacarandabeachresort.com\/wp-content\/uploads\/2024\/09\/logo-jac-group_small.png","contentUrl":"https:\/\/www.jacarandabeachresort.com\/wp-content\/uploads\/2024\/09\/logo-jac-group_small.png","width":171,"height":147,"caption":"Jacaranda Beach Resort"},"image":{"@id":"https:\/\/www.jacarandabeachresort.com\/#\/schema\/logo\/image\/"}}]}},"_links":{"self":[{"href":"https:\/\/www.jacarandabeachresort.com\/fr\/wp-json\/wp\/v2\/pages\/4405","targetHints":{"allow":["GET"]}}],"collection":[{"href":"https:\/\/www.jacarandabeachresort.com\/fr\/wp-json\/wp\/v2\/pages"}],"about":[{"href":"https:\/\/www.jacarandabeachresort.com\/fr\/wp-json\/wp\/v2\/types\/page"}],"author":[{"embeddable":true,"href":"https:\/\/www.jacarandabeachresort.com\/fr\/wp-json\/wp\/v2\/users\/1"}],"replies":[{"embeddable":true,"href":"https:\/\/www.jacarandabeachresort.com\/fr\/wp-json\/wp\/v2\/comments?post=4405"}],"version-history":[{"count":0,"href":"https:\/\/www.jacarandabeachresort.com\/fr\/wp-json\/wp\/v2\/pages\/4405\/revisions"}],"wp:attachment":[{"href":"https:\/\/www.jacarandabeachresort.com\/fr\/wp-json\/wp\/v2\/media?parent=4405"}],"curies":[{"name":"wp","href":"https:\/\/api.w.org\/{rel}","templated":true}]}}